{"id":73,"date":"2014-03-15T15:37:34","date_gmt":"2014-03-15T13:37:34","guid":{"rendered":"http:\/\/www.yourpagemaker.de\/transfer\/roadster2014\/?page_id=73"},"modified":"2014-04-03T22:52:02","modified_gmt":"2014-04-03T20:52:02","slug":"nutzungsbedingungen","status":"publish","type":"page","link":"https:\/\/www.yourpagemaker.de\/smart-roadster\/nutzungsbedingungen\/","title":{"rendered":"Nutzungsbedingungen"},"content":{"rendered":"<p>Allgemeine Nutzungsbedingungen f\u00fcr YOUR pageMaker \u2022 Agentur f\u00fcr kreative Werbung \u2022 Internet \u2013 Werbung \u2013 Fotografie in G\u00e4ufelden neben Herrenberg Raum B\u00f6blingen<\/p>\n<p><strong>1. Informationen zum Urheberrecht<\/strong><\/p>\n<p>Alle Informationen dieser Web-Seite werden wie angegeben ohne Anspruch auf Richtigkeit, Vollst\u00e4ndigkeit oder Aktualit\u00e4t zur Verf\u00fcgung gestellt.<br \/>\nWenn nicht ausdr\u00fccklich anderweitig in dieser Publikation zu verstehen gegeben, und zwar in Zusammenhang mit einem bestimmten Ausschnitt, einer Datei, oder einem Dokument, ist jedermann dazu berechtigt, dieses Dokument anzusehen, zu kopieren, zu drucken und zu verteilen, unter den folgenden Bedingungen:<br \/>\nDas Dokument darf nur f\u00fcr nichtkommerzielle Informationszwecke genutzt werden. Jede Kopie dieses Dokuments oder eines Teils davon muss diese urheberrechtliche Erkl\u00e4rung und das urheberrechtliche Schutzzeichen des Betreibers enthalten. Das Dokument, jede Kopie des Dokuments oder eines Teils davon d\u00fcrfen nicht ohne schriftliche Zustimmung des Betreibers ver\u00e4ndert werden. Der Betreiber beh\u00e4lt sich das Recht vor, diese Genehmigung jederzeit zu widerrufen, und jede Nutzung muss sofort eingestellt werden, sobald eine schriftliche Bekanntmachung seitens des Betreibers ver\u00f6ffentlicht wird.<\/p>\n<p><strong>2. Vertragliche Zusicherungen und Verzichterkl\u00e4rungen<\/strong><br \/>\nDie Website YOUR pageMaker \u2022 Agentur f\u00fcr kreative Werbung \u2022 Internet \u2013 Werbung \u2013 Fotografie in G\u00e4ufelden neben Herrenberg Raum B\u00f6blingen steht Ihnen \u2013 soweit nicht anders vereinbart \u2013 kostenlos zur Verf\u00fcgung. Die Betreiber \u00fcbernehmen keinerlei Gew\u00e4hr f\u00fcr Richtigkeit der enthaltenen Informationen, Verf\u00fcgbarkeit der Dienste, Verlust von auf YOUR pageMaker \u2022 Agentur f\u00fcr kreative Werbung \u2022 Internet \u2013 Werbung \u2013 Fotografie in G\u00e4ufelden neben Herrenberg Raum B\u00f6blingen abgespeicherten Daten oder Nutzbarkeit f\u00fcr irgendeinen bestimmten Zweck.<br \/>\nDie Betreiber haften auch nicht f\u00fcr Folgesch\u00e4den, die auf einer Nutzung des Angebotes beruhen.<br \/>\nSoweit ein Haftungsausschluss nicht in Betracht kommt, haften die Betreiber lediglich f\u00fcr grobe Fahrl\u00e4ssigkeit und Vorsatz. Produkt- und Firmennamen sind Marken der jeweiligen Eigent\u00fcmer und werden auf diesen Seiten ausschlie\u00dflich zu Informationszwecken eingesetzt.<br \/>\nDiese Publikation k\u00f6nnte technische oder andere Ungenauigkeiten enthalten oder Schreib- oder Tippfehler. Von Zeit zu Zeit werden der vorliegenden Information \u00e4nderungen hinzugef\u00fcgt; diese \u00e4nderungen werden in neuen Ausgaben der Publikation eingef\u00fcgt. Der Betreiber kann jederzeit Verbesserungen und\/oder Ver\u00e4nderungen an den Angeboten vornehmen, die in dieser Publikation beschrieben werden.<\/p>\n<p><strong>3. Meinungs\u00e4u\u00dferungen bei Kommentaren und im Forum<\/strong><\/p>\n<p>Aufgrund der sich st\u00e4ndig ver\u00e4ndernden Inhalte bei Kommentaren und im Forum ist es dem Betreiber nicht m\u00f6glich, alle Beitr\u00e4ge l\u00fcckenlos zu sichten, inhaltlich zu pr\u00fcfen und die unmittelbare aktive Kontrolle dar\u00fcber auszu\u00fcben. Es wird keine Verantwortung f\u00fcr den Inhalt, die Korrektheit und die Form der eingestellten Beitr\u00e4ge \u00fcbernommen.<\/p>\n<p><strong>3a. Spezielle Bestimmungen f\u00fcr angemeldete Nutzer<\/strong><\/p>\n<p>Mit der Anmeldung bei YOUR pageMaker \u2022 Agentur f\u00fcr kreative Werbung \u2022 Internet \u2013 Werbung \u2013 Fotografie in G\u00e4ufelden neben Herrenberg Raum B\u00f6blingen erkl\u00e4rt sich der Nutzer \u2013 nachfolgend \u00bbMitglied\u00ab gegen\u00fcber dem Betreiber mit folgenden Nutzungsbedingungen einverstanden:<br \/>\nMitglieder, die sich an Diskussionsforen und Kommentaren beteiligen, verpflichten sich dazu,<\/p>\n<ul>\n<li>1. Sich in Ihren Beitr\u00e4gen jeglicher Beleidigungen, strafbarer Inhalte, Pornographie und grober Ausdrucksweise zu enthalten,<\/li>\n<li>2. Die alleinige Verantwortung f\u00fcr die von ihnen eingestellten Inhalte zu tragen, Rechte Dritter (insbesondere Marken-, Urheber- und Pers\u00f6nlichkeitsrechte) nicht zu verletzen und die Betreiber von \u00bbYOUR pageMaker \u2022 Agentur f\u00fcr kreative Werbung \u2022 Internet \u2013 Werbung \u2013 Fotografie in G\u00e4ufelden neben Herrenberg Raum B\u00f6blingen\u00ab von durch ihre Beitr\u00e4ge ausgel\u00f6sten Anspr\u00fcchen Dritter vollst\u00e4ndig freizustellen.<\/li>\n<li>3. Weder in Foren noch in Kommentaren Werbung irgendwelcher Art einzustellen oder Foren und Kommentare zu irgendeiner Art gewerblicher T\u00e4tigkeit zu nutzen. Insbesondere gilt das f\u00fcr die Ver\u00f6ffentlichung von \u00bb0900\u00ab-Rufnummern zu irgendeinem Zweck.<\/li>\n<\/ul>\n<p>Es besteht keinerlei Anspruch auf Ver\u00f6ffentlichung von eingereichten Kommentaren oder Forenbeitr\u00e4gen. Die Betreiber von \u00bbYOUR pageMaker \u2022 Agentur f\u00fcr kreative Werbung \u2022 Internet \u2013 Werbung \u2013 Fotografie in G\u00e4ufelden neben Herrenberg Raum B\u00f6blingen\u00ab behalten sich vor, Kommentare und Forenbeitr\u00e4ge nach eigenem Ermessen zu editieren oder zu l\u00f6schen. Bei Verletzungen der Pflichten unter 1), 2) und 3) behalten sich die Betreiber ferner vor, die Mitgliedschaft zeitlich begrenzt zu sperren oder dauernd zu l\u00f6schen.<\/p>\n<p><strong>4. Einreichen von Beitr\u00e4gen und Artikeln<br \/>\n<\/strong>Soweit das Mitglied von der M\u00f6glichkeit Gebrauch macht, eigene Beitr\u00e4ge f\u00fcr redaktionellen Teil von \u00bbYOUR pageMaker \u2022 Agentur f\u00fcr kreative Werbung \u2022 Internet \u2013 Werbung \u2013 Fotografie in G\u00e4ufelden neben Herrenberg Raum B\u00f6blingen\u00ab einzureichen, gilt Folgendes:<\/p>\n<p>Voraussetzung f\u00fcr das Posten eigener Beitr\u00e4ge ist, dass das Mitglied seinen vollst\u00e4ndigen und korrekten Vor- und Nachnamen in sein \u00bbYOUR pageMaker \u2022 Agentur f\u00fcr kreative Werbung \u2022 Internet \u2013 Werbung \u2013 Fotografie in G\u00e4ufelden neben Herrenberg Raum B\u00f6blingen\u00ab \u2013 Benutzerprofil eingetragen hat oder nach dem Einreichen des Artikels dort eintr\u00e4gt. Mit dem dort eingetragenen Namen wird der eingereichte Beitrag bei Ver\u00f6ffentlichung (\u00f6ffentlich) gekennzeichnet.<br \/>\nDas Mitglied gibt f\u00fcr alle Beitr\u00e4ge, die von ihm oder ihr zuk\u00fcnftig auf \u00bbYOUR pageMaker \u2022 Agentur f\u00fcr kreative Werbung \u2022 Internet \u2013 Werbung \u2013 Fotografie in G\u00e4ufelden neben Herrenberg Raum B\u00f6blingen\u00ab eingereicht werden, folgende Erkl\u00e4rungen ab:<\/p>\n<ul>\n<li>1. Das Mitglied versichert, das die eingereichten Beitr\u00e4ge frei von Rechten Dritter, insbesondere Urheber-, Marken- oder Pers\u00f6nlichkeitsrechten sind. Dies gilt f\u00fcr alle eingereichten Beitr\u00e4ge und Bildwerke.<\/li>\n<li>2. Das Mitglied r\u00e4umt den Betreibern von \u00bbYOUR pageMaker \u2022 Agentur f\u00fcr kreative Werbung \u2022 Internet \u2013 Werbung \u2013 Fotografie in G\u00e4ufelden neben Herrenberg Raum B\u00f6blingen\u00ab ein uneingeschr\u00e4nktes Nutzungsrecht an den eingereichten Beitr\u00e4gen ein. Dieses umfasst die Ver\u00f6ffentlichung im Internet auf \u00bbYOUR pageMaker \u2022 Agentur f\u00fcr kreative Werbung \u2022 Internet \u2013 Werbung \u2013 Fotografie in G\u00e4ufelden neben Herrenberg Raum B\u00f6blingen\u00ab sowie auf anderen Internetservern, in Newslettern, Printmedien und anderen Publikationen.<\/li>\n<li>3. Eingereichte Beitr\u00e4ge werden auf Verlangen des Mitgliedes per Email an die Adresse des\u00a0<a href=\"http:\/\/www.yourpagemaker.de\/impressum\">Webmasters<\/a>\u00a0wieder gel\u00f6scht bzw. anonymisiert. Die L\u00f6schung bzw. Anonymisierung erfolgt innerhalb von 7 Tagen nach der Mitteilung. F\u00fcr Folgesch\u00e4den, die dem Mitglied aus der versp\u00e4teten L\u00f6schung des Beitrages entstehen haften die Betreiber nur insoweit, als sie nicht auf einer Pflichtverletzung des Mitgliedes (oben unter 1), 2) und 3) ) und soweit sie dar\u00fcber hinaus auf grobem Verschulden oder Vorsatz der Betreiber von \u00bbYOUR pageMaker \u2022 Agentur f\u00fcr kreative Werbung \u2022 Internet \u2013 Werbung \u2013 Fotografie in G\u00e4ufelden neben Herrenberg Raum B\u00f6blingen\u00ab beruhen. Wir weisen in diesem Zusammenhang ausdr\u00fccklich darauf hin, dass \u00bbYOUR pageMaker \u2022 Agentur f\u00fcr kreative Werbung \u2022 Internet \u2013 Werbung \u2013 Fotografie in G\u00e4ufelden neben Herrenberg Raum B\u00f6blingen\u00ab regelm\u00e4\u00dfig von Suchmaschinen indexiert wird, und dass wir keinen Einfluss darauf haben, ob, wo und wie lange bei uns ver\u00f6ffentlichte Beitr\u00e4ge m\u00f6glicherweise auch nach L\u00f6schung bei \u00bbYOUR pageMaker \u2022 Agentur f\u00fcr kreative Werbung \u2022 Internet \u2013 Werbung \u2013 Fotografie in G\u00e4ufelden neben Herrenberg Raum B\u00f6blingen\u00ab in Datenbanken von Suchmaschinen und Webkatalogen gespeichert werden und abrufbar sind.<\/li>\n<li>4. Es besteht keinerlei Anspruch auf Speicherung, Ver\u00f6ffentlichung oder Archivierung der eingereichten Beitr\u00e4ge. Die Betreiber behalten sich vor, eingereichte Beitr\u00e4ge ohne Angabe von Gr\u00fcnden nicht zu ver\u00f6ffentlichen, vor Ver\u00f6ffentlichung zu editieren oder nach Ver\u00f6ffentlichung nach freiem Ermessen wieder zu l\u00f6schen.<\/li>\n<li>5. Durch die Ver\u00f6ffentlichung eingereichter Beitr\u00e4ge entstehen keinerlei Verg\u00fctungsanspr\u00fcche (Honorare, Lizenzgeb\u00fchren, Aufwendungsentsch\u00e4digungen oder \u00e4hnliches) des Mitgliedes gegen\u00fcber \u00bbYOUR pageMaker \u2022 Agentur f\u00fcr kreative Werbung \u2022 Internet \u2013 Werbung \u2013 Fotografie in G\u00e4ufelden neben Herrenberg Raum B\u00f6blingen\u00ab. Die Mitarbeit ist ehrenamtlich (unentgeltlich).<\/li>\n<\/ul>\n<p><strong>5. Erkl\u00e4rung zum Datenschutz (Privacy Policy)<\/strong><br \/>\nSofern innerhalb des Internetangebotes die M\u00f6glichkeit zur Eingabe pers\u00f6nlicher oder gesch\u00e4ftlicher Daten genutzt wird, so erfolgt die Preisgabe dieser Daten seitens des Nutzers auf ausdr\u00fccklich freiwilliger Basis. Die Inanspruchnahme unseres Dienstes ist \u2013 soweit technisch m\u00f6glich und zumutbar \u2013 auch ohne Angabe solcher Daten bzw. unter Angabe anonymisierter Daten oder eines Pseudonyms gestattet.<\/p>\n<p><strong>6. Registrierung und Passwort<\/strong><br \/>\nDer Benutzer ist verpflichtet, die Kombination Benutzername\/Passwort vertraulich zu behandeln und nicht an Dritte weiterzugeben. Bei Verdacht auf Missbrauch der Zugangsdaten ist der Betreiber zu informieren.<\/p>\n<p><strong>7. Hinweis gem\u00e4\u00df Teledienstgesetz<\/strong><br \/>\nF\u00fcr Internetseiten Dritter, auf die die dieses Angebot durch sog. Links verweist, tragen die jeweiligen Anbieter die Verantwortung. Der Betreiber ist f\u00fcr den Inhalt solcher Seiten Dritter nicht verantwortlich. Des Weiteren kann die Web-Seite ohne unser Wissen von anderen Seiten mittels sog. Links angelinkt werden. Der Betreiber \u00fcbernimmt keine Verantwortung f\u00fcr Darstellungen, Inhalt oder irgendeine Verbindung zu dieser Web-Seite in Web-Seiten Dritter. F\u00fcr fremde Inhalte ist der Betreiber nur dann verantwortlich, wenn von ihnen (d.h. auch von einem rechtswidrigen oder strafbaren Inhalt) positive Kenntnis vorliegt und es technisch m\u00f6glich und zumutbar ist, deren Nutzung zu verhindern. Der Betreiber ist nach dem Teledienstgesetz jedoch nicht verpflichtet, die fremden Inhalte st\u00e4ndig zu \u00fcberpr\u00fcfen.<\/p>\n<p><strong>Kontakt<\/strong><br \/>\nFragen rund um YOUR pageMaker \u2022 Agentur f\u00fcr kreative Werbung \u2022 Internet \u2013 Werbung \u2013 Fotografie in G\u00e4ufelden neben Herrenberg Raum B\u00f6blingen bitte an den\u00a0Webmaster richten.<\/p>\n<p><strong>Rechtswirksamkeit<\/strong><br \/>\nDiese Allgemeinen Nutzungsbedingungen beziehen sich auf YOUR pageMaker \u2022 Agentur f\u00fcr kreative Werbung \u2022 Internet \u2013 Werbung \u2013 Fotografie in G\u00e4ufelden neben Herrenberg Raum B\u00f6blingen.<br \/>\nSofern Teile oder einzelne Formulierungen dieses Textes der geltenden Rechtslage nicht, nicht mehr oder nicht vollst\u00e4ndig entsprechen sollten, bleiben die \u00fcbrigen Teile des Dokumentes in ihrem Inhalt und ihrer G\u00fcltigkeit davon unber\u00fchrt.<\/p>\n<p><strong>Erkl\u00e4rung zum Datenschutz (Privacy Policy) f\u00fcr YOUR pageMaker \u2022 Agentur f\u00fcr kreative Werbung \u2022 Internet \u2013 Werbung \u2013 Fotografie in G\u00e4ufelden neben Herrenberg Raum B\u00f6blingen<\/strong><\/p>\n<p><strong>Vorwort<\/strong><br \/>\nDie Betreiber von YOUR pageMaker \u2022 Agentur f\u00fcr kreative Werbung \u2022 Internet \u2013 Werbung \u2013 Fotografie in G\u00e4ufelden neben Herrenberg Raum B\u00f6blingen nehmen den Schutz der privaten Daten ernst. Die besondere Beachtung der Privatsph\u00e4re bei der Verarbeitung pers\u00f6nlicher Daten ist ein wichtiges Anliegen. Pers\u00f6nliche Daten werden gem\u00e4ss den Bestimmungen des Bundesdatensschutzgesetzes BDSG verwendet; die Betreiber dieser Website verpflichten sich zur Verschwiegenheit. Diese Webseiten k\u00f6nnen Links zu Webseiten anderer Anbieter enthalten, auf die sich diese Datenschutzerkl\u00e4rung nicht erstreckt. Weitere wichtige Informationen finden sich auch in den\u00a0Allgemeinen Nutzungsbedingungen.<\/p>\n<p><strong>1. Personenbezogene Daten<\/strong><br \/>\nPersonenbezogene Daten sind Informationen, die dazu genutzt werden k\u00f6nnen, die Identit\u00e4t zu erfahren. Darunter fallen Informationen wie richtiger Name, Adresse, Postanschrift, Telefonnummer. Informationen, die nicht direkt mit der wirklichen Identit\u00e4t in Verbindung gebracht werden (wie zum Beispiel favorisierte Webseiten oder Anzahl der Nutzer einer Site) fallen nicht darunter.<br \/>\nMan kann unser Online-Angebot grunds\u00e4tzlich ohne Offenlegung der Identit\u00e4t nutzen. Wenn man sich f\u00fcr eine Registrierung entscheidet, sich also als Mitglied (registrierter Benutzer) anmeldet, kann man im individuellen Benutzerprofil pers\u00f6nlichen Informationen hinterlegen. Es unterliegt der freien Entscheidung, ob diese Daten eingegeben werden. Da versucht wird, f\u00fcr eine Nutzung des Angebots so wenig wie m\u00f6glich personenbezogene Daten zu erheben, reicht f\u00fcr eine Registrierung die Angabe eines Namens \u2013 unter dem man als Mitglied gef\u00fchrt wird und der nicht mit dem realen Namen \u00fcbereinstimmen muss \u2013 und die Angabe der E-Mail-Adresse, an die das Kennwort geschickt wird, aus. In Verbindung mit dem Zugriff auf unsere Seiten werden serverseitig Daten (zum Beispiel IP-Adresse, Datum, Uhrzeit und betrachtete Seiten) gespeichert. Es findet keine personenbezogene Verwertung statt. Die statistische Auswertung anonymisierter Datens\u00e4tze bleibt vorbehalten.<br \/>\nWir nutzen die pers\u00f6nlichen Daten zu Zwecken der technischen Administration der Webseiten und zur Kundenverwaltung nur im jeweils daf\u00fcr erforderlichen Umfang. Dar\u00fcber hinaus werden pers\u00f6nliche Daten nur dann gespeichert, wenn diese freiwillig angegeben werden.<\/p>\n<p><strong>2. Weitergabe personenbezogener Daten<\/strong><br \/>\nWir verwenden personenbezogene Informationen nur f\u00fcr diese Webseite. Wir geben die Informationen nicht ohne ausdr\u00fcckliches Einverst\u00e4ndnis an Dritte weiter. Sollten im Rahmen der Auftragsdatenverarbeitung Daten an Dienstleister weitergegeben werden, so sind diese an das Bundesdatenschutzgesetz BDSG, andere gesetzliche Vorschriften und an diese Privacy Policy gebunden.<br \/>\nErhebungen beziehungsweise \u00fcbermittlungen pers\u00f6nlicher Daten an staatliche Einrichtungen und Beh\u00f6rden erfolgen nur im Rahmen zwingender Rechtsvorschriften.<\/p>\n<p><strong>3. Einsatz von Cookies<br \/>\n<\/strong>Wir setzen evtl Cookies \u2013 kleine Dateien mit Konfigurationsinformationen \u2013 ein. Sie helfen dabei, benutzerindividuelle Einstellungen zu ermitteln und spezielle Benutzerfunktionen zu realisieren. Wir erfassen keine personenbezogenen Daten \u00fcber Cookies. S\u00e4mtliche Funktionen der Website sind auch ohne Cookies einsetzbar, einige benutzerdefinierte Eigenschaften und Einstellungen sind dann allerdings nicht verf\u00fcgbar.<\/p>\n<p><strong>4. Kinder<br \/>\n<\/strong>Personen unter 18 Jahren sollten ohne Zustimmung der Eltern oder Erziehungsberechtigten keine personenbezogenen Daten an uns \u00fcbermitteln. Wir fordern keine personenbezogenen Daten von Kindern an, sammeln diese nicht und geben sie nicht an Dritte weiter.<\/p>\n<p><strong>5. Recht auf Widerruf<\/strong><\/p>\n<p>Wenn Sie uns personenbezogene Daten \u00fcberlassen haben, k\u00f6nnen Sie diese jederzeit im Benutzerprofil wieder \u00e4ndern und l\u00f6schen. F\u00fcr eine vollst\u00e4ndige L\u00f6schung des Accounts bitte an den\u00a0<a href=\"http:\/\/www.yourpagemaker.de\">Webmaster<\/a>\u00a0wenden. Bis zu diesem Zeitpunkt erfolgte Beitr\u00e4ge in Foren, Kommentaren, Terminank\u00fcndigungen und Artikeln bleiben allerdings unter Umst\u00e4nden erhalten \u2013 Informationen dazu auch bei den\u00a0allgemeinen Nutzungsbedingungen.<\/p>\n<p><strong>6. Links zu anderen Websites<\/strong><br \/>\nUnser Online-Angebot enth\u00e4lt Links zu anderen Websites. Wir haben keinen Einfluss darauf, dass deren Betreiber die Datenschutzbestimmungen einhalten.<\/p>\n<p><strong>7. Beitr\u00e4ge<\/strong><br \/>\nDie Beitr\u00e4ge auf unserer Seite sind f\u00fcr jeden zug\u00e4nglich. Beitr\u00e4ge sollten vor der Ver\u00f6ffentlichung sorgf\u00e4ltig darauf \u00fcberpr\u00fcft werden, ob sie Angaben enthalten, die nicht f\u00fcr die \u00f6ffentlichkeit bestimmt sind. Die Beitr\u00e4ge werden m\u00f6glicherweise in Suchmaschinen erfasst und auch ohne gezielten Aufruf dieser Website weltweit zugreifbar.<\/p>\n<p><strong>8. Fragen und Kommentare<\/strong><br \/>\nBei Fragen und f\u00fcr Anregungen und Kommentare zum Thema Datenschutz bitte per Mail an den\u00a0<a href=\"http:\/\/www.yourpagemaker.de\">Webmaster<\/a>\u00a0von YOUR pageMaker \u2022 Agentur f\u00fcr kreative Werbung \u2022 Internet \u2013 Werbung \u2013 Fotografie in G\u00e4ufelden neben Herrenberg Raum B\u00f6blingen wenden.<\/p>\n<p>Haftungsausschluss:<\/p>\n<p>Haftung f\u00fcr Inhalte<br \/>\nDie Inhalte unserer Seiten wurden mit gr\u00f6\u00dfter Sorgfalt erstellt. F\u00fcr die Richtigkeit, Vollst\u00e4ndigkeit und Aktualit\u00e4t der Inhalte k\u00f6nnen wir jedoch keine Gew\u00e4hr \u00fcbernehmen. Als Diensteanbieter sind wir gem\u00e4\u00df \u00a7 7 Abs.1 TMG f\u00fcr eigene Inhalte auf diesen Seiten nach den allgemeinen Gesetzen verantwortlich. Nach \u00a7\u00a7 8 bis 10 TMG sind wir als Diensteanbieter jedoch nicht verpflichtet, \u00fcbermittelte oder gespeicherte fremde Informationen zu \u00fcberwachen oder nach Umst\u00e4nden zu forschen, die auf eine rechtswidrige T\u00e4tigkeit hinweisen. Verpflichtungen zur Entfernung oder Sperrung der Nutzung von Informationen nach den allgemeinen Gesetzen bleiben hiervon unber\u00fchrt. Eine diesbez\u00fcgliche Haftung ist jedoch erst ab dem Zeitpunkt der Kenntnis einer konkreten Rechtsverletzung m\u00f6glich. Bei Bekanntwerden von entsprechenden Rechtsverletzungen werden wir diese Inhalte umgehend entfernen.<br \/>\nHaftung f\u00fcr Links<br \/>\nUnser Angebot enth\u00e4lt Links zu externen Webseiten Dritter, auf deren Inhalte wir keinen Einfluss haben. Deshalb k\u00f6nnen wir f\u00fcr diese fremden Inhalte auch keine Gew\u00e4hr \u00fcbernehmen. F\u00fcr die Inhalte der verlinkten Seiten ist stets der jeweilige Anbieter oder Betreiber der Seiten verantwortlich. Die verlinkten Seiten wurden zum Zeitpunkt der Verlinkung auf m\u00f6gliche Rechtsverst\u00f6\u00dfe \u00fcberpr\u00fcft. Rechtswidrige Inhalte waren zum Zeitpunkt der Verlinkung nicht erkennbar. Eine permanente inhaltliche Kontrolle der verlinkten Seiten ist jedoch ohne konkrete Anhaltspunkte einer Rechtsverletzung nicht zumutbar. Bei Bekanntwerden von Rechtsverletzungen werden wir derartige Links umgehend entfernen.<br \/>\nUrheberrecht<br \/>\nDie durch die Seitenbetreiber erstellten Inhalte und Werke auf diesen Seiten unterliegen dem deutschen Urheberrecht. Die Vervielf\u00e4ltigung, Bearbeitung, Verbreitung und jede Art der Verwertung au\u00dferhalb der Grenzen des Urheberrechtes bed\u00fcrfen der schriftlichen Zustimmung des jeweiligen Autors bzw. Erstellers. Downloads und Kopien dieser Seite sind nur f\u00fcr den privaten, nicht kommerziellen Gebrauch gestattet. Soweit die Inhalte auf dieser Seite nicht vom Betreiber erstellt wurden, werden die Urheberrechte Dritter beachtet. Insbesondere werden Inhalte Dritter als solche gekennzeichnet. Sollten Sie trotzdem auf eine Urheberrechtsverletzung aufmerksam werden, bitten wir um einen entsprechenden Hinweis. Bei Bekanntwerden von Rechtsverletzungen werden wir derartige Inhalte umgehend entfernen.<\/p>\n","protected":false},"excerpt":{"rendered":"<p>Allgemeine Nutzungsbedingungen f\u00fcr YOUR pageMaker \u2022 Agentur f\u00fcr kreative Werbung \u2022 Internet \u2013 Werbung \u2013 Fotografie in G\u00e4ufelden neben Herrenberg Raum B\u00f6blingen 1. Informationen zum Urheberrecht Alle Informationen dieser Web-Seite&#8230;<\/p>\n","protected":false},"author":1,"featured_media":0,"parent":0,"menu_order":0,"comment_status":"closed","ping_status":"closed","template":"","meta":{"footnotes":""},"class_list":["post-73","page","type-page","status-publish"],"aioseo_notices":[],"_links":{"self":[{"href":"https:\/\/www.yourpagemaker.de\/smart-roadster\/wp-json\/wp\/v2\/pages\/73","targetHints":{"allow":["GET"]}}],"collection":[{"href":"https:\/\/www.yourpagemaker.de\/smart-roadster\/wp-json\/wp\/v2\/pages"}],"about":[{"href":"https:\/\/www.yourpagemaker.de\/smart-roadster\/wp-json\/wp\/v2\/types\/page"}],"author":[{"embeddable":true,"href":"https:\/\/www.yourpagemaker.de\/smart-roadster\/wp-json\/wp\/v2\/users\/1"}],"replies":[{"embeddable":true,"href":"https:\/\/www.yourpagemaker.de\/smart-roadster\/wp-json\/wp\/v2\/comments?post=73"}],"version-history":[{"count":2,"href":"https:\/\/www.yourpagemaker.de\/smart-roadster\/wp-json\/wp\/v2\/pages\/73\/revisions"}],"predecessor-version":[{"id":240,"href":"https:\/\/www.yourpagemaker.de\/smart-roadster\/wp-json\/wp\/v2\/pages\/73\/revisions\/240"}],"wp:attachment":[{"href":"https:\/\/www.yourpagemaker.de\/smart-roadster\/wp-json\/wp\/v2\/media?parent=73"}],"curies":[{"name":"wp","href":"https:\/\/api.w.org\/{rel}","templated":true}]}}