{"id":69,"date":"2014-03-15T15:36:33","date_gmt":"2014-03-15T13:36:33","guid":{"rendered":"http:\/\/www.yourpagemaker.de\/transfer\/roadster2014\/?page_id=69"},"modified":"2018-05-24T22:52:44","modified_gmt":"2018-05-24T20:52:44","slug":"impressum","status":"publish","type":"page","link":"https:\/\/www.yourpagemaker.de\/smart-roadster\/impressum\/","title":{"rendered":"Impressum"},"content":{"rendered":"<p>Karl Reinhold Sch\u00f6b<br \/>\nMonika Sch\u00f6b<br \/>\nEichenstra\u00dfe 4<br \/>\n71126 G\u00e4ufelden<\/p>\n<p>Tel +49 70 32 79 04 36<br \/>\nFax +49 70 32 79 04 37<\/p>\n<p>info@yourpagemaker.de<br \/>\nwww.yourpagemaker.de<\/p>\n<p style=\"text-align: justify;\">Rechtliche Angaben<br \/>\nVertretungsberechtigt: Monika Sch\u00f6b<br \/>\nUmsatzsteuer-Identifikationsnummer gem\u00e4\u00df \u00a7 27 a Umsatzsteuergesetz: DE214580703<br \/>\nInhaltlich Verantwortlicher gem\u00e4\u00df TMG<br \/>\nKarl Reinhold Sch\u00f6b<br \/>\ninfo@yourpagemaker.de<\/p>\n<p style=\"text-align: justify;\">Bildquellen und -rechte<br \/>\n<a title=\"YOUR pageMaker\" href=\"http:\/\/www.yourpagemaker.de\" target=\"_blank\" rel=\"noopener\">YOUR pageMaker | Monika Sch\u00f6b<\/a><\/p>\n<p style=\"text-align: justify;\">Alle hier verwendeten Namen, Begriffe, Zeichen und Grafiken k\u00f6nnen evtl Marken- oder Warenzeichen im Besitze ihrer rechtlichen Eigent\u00fcmer sein.<br \/>\nDie Rechte aller erw\u00e4hnten und benutzten Marken- und Warenzeichen liegen ausschlie\u00dflich bei deren Besitzern.<\/p>\n<p>Streitschlichtung<br \/>\nDie Europ\u00e4ische Kommission stellt eine Plattform zur Online-Streitbeilegung (OS) bereit: <a href=\"https:\/\/ec.europa.eu\/consumers\/odr\" target=\"_blank\" rel=\"noopener\">https:\/\/ec.europa.eu\/consumers\/odr<\/a> Unsere E-Mail-Adresse finden Sie oben im Impressum.<\/p>\n<p>Wir sind nicht bereit oder verpflichtet, an Streitbeilegungsverfahren vor einer Verbraucherschlichtungsstelle teilzunehmen.<\/p>\n<div><\/div>\n","protected":false},"excerpt":{"rendered":"<p>Karl Reinhold Sch\u00f6b Monika Sch\u00f6b Eichenstra\u00dfe 4 71126 G\u00e4ufelden Tel +49 70 32 79 04 36 Fax +49 70 32 79 04 37 info@yourpagemaker.de www.yourpagemaker.de Rechtliche Angaben Vertretungsberechtigt: Monika Sch\u00f6b&#8230;<\/p>\n","protected":false},"author":1,"featured_media":0,"parent":0,"menu_order":0,"comment_status":"closed","ping_status":"closed","template":"","meta":{"footnotes":""},"class_list":["post-69","page","type-page","status-publish"],"aioseo_notices":[],"_links":{"self":[{"href":"https:\/\/www.yourpagemaker.de\/smart-roadster\/wp-json\/wp\/v2\/pages\/69","targetHints":{"allow":["GET"]}}],"collection":[{"href":"https:\/\/www.yourpagemaker.de\/smart-roadster\/wp-json\/wp\/v2\/pages"}],"about":[{"href":"https:\/\/www.yourpagemaker.de\/smart-roadster\/wp-json\/wp\/v2\/types\/page"}],"author":[{"embeddable":true,"href":"https:\/\/www.yourpagemaker.de\/smart-roadster\/wp-json\/wp\/v2\/users\/1"}],"replies":[{"embeddable":true,"href":"https:\/\/www.yourpagemaker.de\/smart-roadster\/wp-json\/wp\/v2\/comments?post=69"}],"version-history":[{"count":8,"href":"https:\/\/www.yourpagemaker.de\/smart-roadster\/wp-json\/wp\/v2\/pages\/69\/revisions"}],"predecessor-version":[{"id":286,"href":"https:\/\/www.yourpagemaker.de\/smart-roadster\/wp-json\/wp\/v2\/pages\/69\/revisions\/286"}],"wp:attachment":[{"href":"https:\/\/www.yourpagemaker.de\/smart-roadster\/wp-json\/wp\/v2\/media?parent=69"}],"curies":[{"name":"wp","href":"https:\/\/api.w.org\/{rel}","templated":true}]}}