{"id":62,"date":"2014-03-15T15:35:32","date_gmt":"2014-03-15T13:35:32","guid":{"rendered":"http:\/\/www.yourpagemaker.de\/transfer\/roadster2014\/?page_id=62"},"modified":"2015-12-27T18:31:25","modified_gmt":"2015-12-27T16:31:25","slug":"sonstige-technik","status":"publish","type":"page","link":"https:\/\/www.yourpagemaker.de\/smart-roadster\/sonstige-technik\/","title":{"rendered":"Sonstige Technik"},"content":{"rendered":"<div>\n<h2>Dezember 2009 Werbebeschriftung<\/h2>\n<p>Als Dienstwagen einer Werbeagentur ben\u00f6tigt der Roady nat\u00fcrlich eine ansprechende Beschriftung. Beklebt wurden alle Seiten-, Front- und R\u00fcckteile. Zus\u00e4tzlich bekam die Heckscheibe eine von innen durchsichtige Foto-Folierung. Durchgef\u00fchrt wurden die Arbeiten von der <a href=\"http:\/\/www.abc-werbepartner.de\" target=\"_blank\">Firma ABC Werbetechnik<\/a> in Haslach und der Design-Entwurf von <a href=\"http:\/\/www.yourpagemaker.de\/\/\" target=\"_blank\">YOUR pageMaker<\/a>.<\/p>\n<p><img loading=\"lazy\" decoding=\"async\" src=\"http:\/\/www.yourpagemaker.de\/smart-roadster\/wp-content\/uploads\/2014\/03\/_MG_6016.jpg\" alt=\"_MG_6016\" width=\"480\" height=\"320\" \/><\/p>\n<p><img loading=\"lazy\" decoding=\"async\" src=\"http:\/\/www.yourpagemaker.de\/smart-roadster\/wp-content\/uploads\/2014\/03\/smart_hinten2.jpg\" alt=\"smart_hinten2\" width=\"480\" height=\"347\" \/><\/p>\n<p><img loading=\"lazy\" decoding=\"async\" src=\"http:\/\/www.yourpagemaker.de\/smart-roadster\/wp-content\/uploads\/2014\/03\/_MG_3010.jpg\" alt=\"_MG_3010\" width=\"480\" height=\"320\" \/><\/p>\n<\/div>\n","protected":false},"excerpt":{"rendered":"<p>Dezember 2009 Werbebeschriftung Als Dienstwagen einer Werbeagentur ben\u00f6tigt der Roady nat\u00fcrlich eine ansprechende Beschriftung. Beklebt wurden alle Seiten-, Front- und R\u00fcckteile. Zus\u00e4tzlich bekam die Heckscheibe eine von innen durchsichtige Foto-Folierung&#8230;.<\/p>\n","protected":false},"author":1,"featured_media":0,"parent":0,"menu_order":0,"comment_status":"closed","ping_status":"closed","template":"","meta":{"footnotes":""},"class_list":["post-62","page","type-page","status-publish"],"aioseo_notices":[],"_links":{"self":[{"href":"https:\/\/www.yourpagemaker.de\/smart-roadster\/wp-json\/wp\/v2\/pages\/62","targetHints":{"allow":["GET"]}}],"collection":[{"href":"https:\/\/www.yourpagemaker.de\/smart-roadster\/wp-json\/wp\/v2\/pages"}],"about":[{"href":"https:\/\/www.yourpagemaker.de\/smart-roadster\/wp-json\/wp\/v2\/types\/page"}],"author":[{"embeddable":true,"href":"https:\/\/www.yourpagemaker.de\/smart-roadster\/wp-json\/wp\/v2\/users\/1"}],"replies":[{"embeddable":true,"href":"https:\/\/www.yourpagemaker.de\/smart-roadster\/wp-json\/wp\/v2\/comments?post=62"}],"version-history":[{"count":6,"href":"https:\/\/www.yourpagemaker.de\/smart-roadster\/wp-json\/wp\/v2\/pages\/62\/revisions"}],"predecessor-version":[{"id":258,"href":"https:\/\/www.yourpagemaker.de\/smart-roadster\/wp-json\/wp\/v2\/pages\/62\/revisions\/258"}],"wp:attachment":[{"href":"https:\/\/www.yourpagemaker.de\/smart-roadster\/wp-json\/wp\/v2\/media?parent=62"}],"curies":[{"name":"wp","href":"https:\/\/api.w.org\/{rel}","templated":true}]}}