{"id":56,"date":"2014-03-15T15:34:39","date_gmt":"2014-03-15T13:34:39","guid":{"rendered":"http:\/\/www.yourpagemaker.de\/transfer\/roadster2014\/?page_id=56"},"modified":"2014-04-05T14:53:41","modified_gmt":"2014-04-05T12:53:41","slug":"fahrwerk-raeder-bremse-lenkung","status":"publish","type":"page","link":"https:\/\/www.yourpagemaker.de\/smart-roadster\/fahrwerk-raeder-bremse-lenkung\/","title":{"rendered":"Fahrwerk \/ R\u00e4der \/ Bremse \/ Lenkung"},"content":{"rendered":"<h2>M\u00e4rz 2014 Neue Bremsscheiben, Bremstrommeln und Bel\u00e4ge<\/h2>\n<p>Die im September 2012 verbauten\u00a0 <a title=\"EBC\" href=\"http:\/\/www.ebc-brakes.de\" target=\"_blank\">EBC<\/a> Turbo Groove Bremsscheiben mit RedStuff Bel\u00e4gen waren leider ein Totalausfall. Nach wenigen Monaten zeigte sich bereits starkes Bremsrubbeln an der Vorderachse, was im Laufe der Zeit immer st\u00e4rker wurde. Am Ende war der Roadster kaum noch fahrbar. Die Diagnose bei <a href=\"http:\/\/www.der-smarte-service.de\/\" target=\"_blank\">Fismatec<\/a> : Scheiben innen jeweils komplett verrostet und eingeschliffen. Die Aussenseiten waren hingegen noch einwandfrei.<\/p>\n<p>Zudem waren die Original-Bremstrommeln an der Hinterachse mittlerweile so stark verrostet, dass sie einfach unm\u00f6glich aussahen. Die Firma Zimmermann bieten neuerdings sogenannte <a href=\"http:\/\/www.zimmermann-bremsscheiben.de\/coat-z-anti-corrosion.html\" target=\"_blank\">COAT-Z Bremsscheiben und Trommel<\/a> mit einer angeblich rostfreien Beschichtung an. Daher kamen diese diesmal zum Einsatz, mit normalen TRW-Bremsbel\u00e4gen. Kosten : 210 \u20ac ohne Montage.<\/p>\n<p><a href=\"http:\/\/www.yourpagemaker.de\/smart-roadster\/wp-content\/uploads\/2014\/03\/EBC-Scheiben-fertig.png\"><img loading=\"lazy\" decoding=\"async\" class=\"alignnone size-full wp-image-226\" style=\"margin: 10px; border: 2px solid black;\" alt=\"EBC-Scheiben-fertig\" src=\"http:\/\/www.yourpagemaker.de\/smart-roadster\/wp-content\/uploads\/2014\/03\/EBC-Scheiben-fertig.png\" width=\"480\" height=\"360\" srcset=\"https:\/\/www.yourpagemaker.de\/smart-roadster\/wp-content\/uploads\/2014\/03\/EBC-Scheiben-fertig.png 480w, https:\/\/www.yourpagemaker.de\/smart-roadster\/wp-content\/uploads\/2014\/03\/EBC-Scheiben-fertig-300x225.png 300w\" sizes=\"auto, (max-width: 480px) 100vw, 480px\" \/><\/a><a href=\"http:\/\/www.yourpagemaker.de\/smart-roadster\/wp-content\/uploads\/2014\/03\/bremstrommeln-fertig.png\"><img loading=\"lazy\" decoding=\"async\" class=\" wp-image-228 alignnone\" style=\"border: 2px solid black; margin: 10px;\" alt=\"bremstrommeln-fertig\" src=\"http:\/\/www.yourpagemaker.de\/smart-roadster\/wp-content\/uploads\/2014\/03\/bremstrommeln-fertig.png\" width=\"480\" height=\"360\" \/><\/a><a href=\"http:\/\/www.yourpagemaker.de\/smart-roadster\/wp-content\/uploads\/2014\/03\/zcoat-scheiben.png\"><img loading=\"lazy\" decoding=\"async\" class=\"alignnone size-full wp-image-233\" style=\"margin: 10px; border: 2px solid black;\" alt=\"zcoat-scheiben\" src=\"http:\/\/www.yourpagemaker.de\/smart-roadster\/wp-content\/uploads\/2014\/03\/zcoat-scheiben.png\" width=\"480\" height=\"351\" srcset=\"https:\/\/www.yourpagemaker.de\/smart-roadster\/wp-content\/uploads\/2014\/03\/zcoat-scheiben.png 480w, https:\/\/www.yourpagemaker.de\/smart-roadster\/wp-content\/uploads\/2014\/03\/zcoat-scheiben-300x219.png 300w\" sizes=\"auto, (max-width: 480px) 100vw, 480px\" \/><\/a><a href=\"http:\/\/www.yourpagemaker.de\/smart-roadster\/wp-content\/uploads\/2014\/03\/zcoat_trommeln.png\"><img loading=\"lazy\" decoding=\"async\" class=\"alignnone  wp-image-230\" style=\"border: 2px solid black; margin: 10px;\" alt=\"zcoat_trommeln\" src=\"http:\/\/www.yourpagemaker.de\/smart-roadster\/wp-content\/uploads\/2014\/03\/zcoat_trommeln.png\" width=\"480\" height=\"351\" \/><\/a><\/p>\n<h2>November 2012 Winter-Felgen in Titanium<\/h2>\n<p>F\u00fcr den Roadster gab es einmal das Felgen-Sondermodell Spikeline Titanium, die mir schon immer sehr gut gefallen haben. Leider sind diese auf dem Markt nicht mehr verf\u00fcgbar. Daher habe ich meine vorhandenen Spikelines bei der Firma <a title=\"Dove Lackierungen\" href=\"http:\/\/www.ludwigdove.de\" target=\"_blank\">Dove<\/a> in Nordhorn im Farbcode C94L pulvern lassen. Kosten : 480 \u20ac.<\/p>\n<hr \/>\n<p><a href=\"http:\/\/www.yourpagemaker.de\/smart-roadster\/wp-content\/uploads\/2014\/03\/titanium.jpg\"><img loading=\"lazy\" decoding=\"async\" class=\"alignnone size-full wp-image-189\" style=\"border: 2px solid black; margin: 10px;\" alt=\"titanium\" src=\"http:\/\/www.yourpagemaker.de\/smart-roadster\/wp-content\/uploads\/2014\/03\/titanium.jpg\" width=\"480\" height=\"360\" srcset=\"https:\/\/www.yourpagemaker.de\/smart-roadster\/wp-content\/uploads\/2014\/03\/titanium.jpg 480w, https:\/\/www.yourpagemaker.de\/smart-roadster\/wp-content\/uploads\/2014\/03\/titanium-300x225.jpg 300w\" sizes=\"auto, (max-width: 480px) 100vw, 480px\" \/><\/a><\/p>\n<hr \/>\n<h2>September 2012 Neue Bremsscheiben und Bel\u00e4ge<\/h2>\n<p style=\"text-align: justify;\">Die verbauten Original-Scheiben waren runter. Bei Fismatec wurden dann neue <a title=\"EBC\" href=\"http:\/\/www.ebc-brakes.de\" target=\"_blank\">EBC<\/a> Turbo Groove Bremsscheiben mit RedStuff Bel\u00e4gen eingebaut. Bislang tadelloses Bremsverhalten mit der neuen Ausr\u00fcstung.\u00a0Kosten : 310 \u20ac incl. Montage.<\/p>\n<p style=\"text-align: justify;\"><a href=\"http:\/\/www.yourpagemaker.de\/smart-roadster\/wp-content\/uploads\/2014\/03\/ebcredstuff.jpg\"><img loading=\"lazy\" decoding=\"async\" class=\"alignnone size-full wp-image-191\" style=\"border: 2px solid black; margin: 10px;\" alt=\"ebcredstuff\" src=\"http:\/\/www.yourpagemaker.de\/smart-roadster\/wp-content\/uploads\/2014\/03\/ebcredstuff.jpg\" width=\"480\" height=\"360\" srcset=\"https:\/\/www.yourpagemaker.de\/smart-roadster\/wp-content\/uploads\/2014\/03\/ebcredstuff.jpg 480w, https:\/\/www.yourpagemaker.de\/smart-roadster\/wp-content\/uploads\/2014\/03\/ebcredstuff-300x225.jpg 300w\" sizes=\"auto, (max-width: 480px) 100vw, 480px\" \/><\/a><\/p>\n<hr \/>\n<h2>Dezember 2010 Winterreifen auf Spikeline Felgen<\/h2>\n<p style=\"text-align: justify;\">Im Dezember konnte ich endlich \u00fcber eBay einen zweiten Satz gebrauchte Spikeline Felgen ersteigern und mit den schon vorhandenen Pirelli 210 Snowsport 205\/45R16 Winterreifen montieren. F\u00fcr mich die sch\u00f6nste Felgenvariante f\u00fcr den Roady. Kosten : 400 \u20ac f\u00fcr die Felgen.<\/p>\n<p><a href=\"http:\/\/www.yourpagemaker.de\/smart-roadster\/wp-content\/uploads\/2014\/03\/IMG_4119_small.jpg\"><img loading=\"lazy\" decoding=\"async\" class=\"alignnone size-full wp-image-192\" style=\"border: 2px solid black; margin: 10px;\" alt=\"IMG_4119_small\" src=\"http:\/\/www.yourpagemaker.de\/smart-roadster\/wp-content\/uploads\/2014\/03\/IMG_4119_small.jpg\" width=\"480\" height=\"360\" srcset=\"https:\/\/www.yourpagemaker.de\/smart-roadster\/wp-content\/uploads\/2014\/03\/IMG_4119_small.jpg 480w, https:\/\/www.yourpagemaker.de\/smart-roadster\/wp-content\/uploads\/2014\/03\/IMG_4119_small-300x225.jpg 300w\" sizes=\"auto, (max-width: 480px) 100vw, 480px\" \/><\/a><\/p>\n<hr \/>\n<h2>August 2010 Breiter und tiefer<\/h2>\n<p style=\"text-align: justify;\">Endlich ist es soweit. Der Roady bekommt ein neues Fahrwerk verpasst. Von einem Arbeitskollegen konnte ich g\u00fcnstig einen Satz gebrauchte Spikeline Felgen erwerben. Im Roadster Club lief gerade zu der Zeit eine Sammelbestellung \u00fcber Eibach Pro-Kit Performance Fahrwerksfedern, die nochmal nachproduziert wurden. Gleichzeitig habe ich dann auch noch neue Bilstein B4 D\u00e4mpfer einbauen lassen und Spurplatten von SCC (vorne 25mm, hinten 35 mm) montiert. Alles gekauft beim <a href=\"http:\/\/www.wild-sixty-nine.de\" target=\"_blank\">Wild Sixty Nine<\/a>. Dank an Thomas ! Das Ergebnis ist sehr \u00fcberzeugend. Die Optik verbessert sich enorm, und das Fahrverhalten ist um Klassen besser wie vorher. Nat\u00fcrlich ist der Roady danach etwas h\u00e4rter gefedert, aber immer noch alltagstauglich. Besonders positiv ist der wesentlich bessere Geradeauslauf. Kosten 1891 \u20ac: Gebrauchte Spikeline Felgen 400 \u20ac, neue Bridgestone B340 Reifen 400 \u20ac, Federn 170 \u20ac, D\u00e4mpfer 250 \u20ac, Distanzen incl. fahrzeugspezifischem Festigkeitsgutachten 326 \u20ac, Montage 285 \u20ac, T\u00dcV-Abnahme 60 \u20ac.<\/p>\n<p><a href=\"http:\/\/www.yourpagemaker.de\/smart-roadster\/wp-content\/uploads\/2014\/03\/roadster_tiefer1.jpg\"><img loading=\"lazy\" decoding=\"async\" class=\"alignnone size-full wp-image-193\" style=\"border: 2px solid black; margin: 10px;\" alt=\"Konfirmation\" src=\"http:\/\/www.yourpagemaker.de\/smart-roadster\/wp-content\/uploads\/2014\/03\/roadster_tiefer1.jpg\" width=\"480\" height=\"360\" srcset=\"https:\/\/www.yourpagemaker.de\/smart-roadster\/wp-content\/uploads\/2014\/03\/roadster_tiefer1.jpg 480w, https:\/\/www.yourpagemaker.de\/smart-roadster\/wp-content\/uploads\/2014\/03\/roadster_tiefer1-300x225.jpg 300w\" sizes=\"auto, (max-width: 480px) 100vw, 480px\" \/><\/a><br \/>\n<em>nachher<\/em><br \/>\n<br clear=\"all\" \/><a href=\"http:\/\/www.yourpagemaker.de\/smart-roadster\/wp-content\/uploads\/2014\/03\/MG_6016.jpg\"><img loading=\"lazy\" decoding=\"async\" class=\"alignnone size-full wp-image-194\" style=\"border: 2px solid black; margin: 10px;\" alt=\"_MG_6016\" src=\"http:\/\/www.yourpagemaker.de\/smart-roadster\/wp-content\/uploads\/2014\/03\/MG_6016.jpg\" width=\"480\" height=\"320\" srcset=\"https:\/\/www.yourpagemaker.de\/smart-roadster\/wp-content\/uploads\/2014\/03\/MG_6016.jpg 480w, https:\/\/www.yourpagemaker.de\/smart-roadster\/wp-content\/uploads\/2014\/03\/MG_6016-300x200.jpg 300w\" sizes=\"auto, (max-width: 480px) 100vw, 480px\" \/><\/a><br \/>\n<em>vorher<\/em><\/p>\n<hr \/>\n<h2>M\u00e4rz 2010 Bremstrommeln und Bremss\u00e4ttel lackieren<\/h2>\n<p>Die hinteren Bremstrommeln sind beim Roadster nicht korrosionsgesch\u00fctzt. Hier hat Smart ein wenig zu sehr gespart. Mit dem Resultat, da\u00df die rostigen Teile durch die Speichen der Alufelgen zu sehen sind.<br \/>\nAbhilfe bringt hier das Lackieren mit <a href=\"http:\/\/www.foliatec.com\/cms\/de\/Produktinfo\/BREMSSATTELLACK\/index.html\" target=\"_blank\">Foliatec Bremssattel-Lack<\/a>. Und wenn man schonmal dabei ist, kann man die vorderen Bremss\u00e4ttel auch gleich noch mit lackieren.<\/p>\n<p><a href=\"http:\/\/www.yourpagemaker.de\/smart-roadster\/wp-content\/uploads\/2014\/03\/MG_6015.jpg\"><img loading=\"lazy\" decoding=\"async\" class=\"alignnone size-full wp-image-195\" style=\"border: 2px solid black; margin: 10px;\" alt=\"_MG_6015\" src=\"http:\/\/www.yourpagemaker.de\/smart-roadster\/wp-content\/uploads\/2014\/03\/MG_6015.jpg\" width=\"480\" height=\"320\" srcset=\"https:\/\/www.yourpagemaker.de\/smart-roadster\/wp-content\/uploads\/2014\/03\/MG_6015.jpg 480w, https:\/\/www.yourpagemaker.de\/smart-roadster\/wp-content\/uploads\/2014\/03\/MG_6015-300x200.jpg 300w\" sizes=\"auto, (max-width: 480px) 100vw, 480px\" \/><\/a><br \/>\n<br clear=\"all\" \/><a href=\"http:\/\/www.yourpagemaker.de\/smart-roadster\/wp-content\/uploads\/2014\/03\/MG_6014.jpg\"><img loading=\"lazy\" decoding=\"async\" class=\"alignnone size-full wp-image-196\" style=\"border: 2px solid black; margin: 10px;\" alt=\"_MG_6014\" src=\"http:\/\/www.yourpagemaker.de\/smart-roadster\/wp-content\/uploads\/2014\/03\/MG_6014.jpg\" width=\"480\" height=\"320\" srcset=\"https:\/\/www.yourpagemaker.de\/smart-roadster\/wp-content\/uploads\/2014\/03\/MG_6014.jpg 480w, https:\/\/www.yourpagemaker.de\/smart-roadster\/wp-content\/uploads\/2014\/03\/MG_6014-300x200.jpg 300w\" sizes=\"auto, (max-width: 480px) 100vw, 480px\" \/><\/a><\/p>\n<hr \/>\n<h2>Dezember 2009 must-have &#8211; Nachr\u00fcstung Brabus Lenkrad<\/h2>\n<div style=\"text-align: justify;\">Im Dezember konnte ich endlich das ersehnte Brabus Lenkrad einbauen lassen, inklusive Freischaltung der Schaltwippen. Unschlagbar g\u00fcnstig war das Angebot des <a href=\"http:\/\/www.smart-ulm.de\" target=\"_blank\">Smart Center Senden<\/a> \u00fcber 750 \u20ac. Das Lenkrad ist zwar alles andere als g\u00fcnstig, aber DAS Tuning-Teil was man nicht mehr vermissen m\u00f6chte. Danach sitzt man in einem v\u00f6llig anderen Auto. Aber Achtung : Das Lenkrad mu\u00df vom T\u00dcV eingetragen werden !<\/div>\n<div style=\"text-align: justify;\"><\/div>\n<div><a href=\"http:\/\/www.yourpagemaker.de\/smart-roadster\/wp-content\/uploads\/2014\/03\/MG_23781.jpg\"><img loading=\"lazy\" decoding=\"async\" class=\"alignnone size-full wp-image-197\" style=\"border: 2px solid black; margin: 10px;\" alt=\"_MG_2378\" src=\"http:\/\/www.yourpagemaker.de\/smart-roadster\/wp-content\/uploads\/2014\/03\/MG_23781.jpg\" width=\"480\" height=\"320\" srcset=\"https:\/\/www.yourpagemaker.de\/smart-roadster\/wp-content\/uploads\/2014\/03\/MG_23781.jpg 480w, https:\/\/www.yourpagemaker.de\/smart-roadster\/wp-content\/uploads\/2014\/03\/MG_23781-300x200.jpg 300w\" sizes=\"auto, (max-width: 480px) 100vw, 480px\" \/><\/a><br \/>\n<a href=\"http:\/\/www.yourpagemaker.de\/smart-roadster\/wp-content\/uploads\/2014\/03\/MG_23771.jpg\"><img loading=\"lazy\" decoding=\"async\" class=\"alignnone size-full wp-image-198\" style=\"border: 2px solid black; margin: 10px;\" alt=\"_MG_2377\" src=\"http:\/\/www.yourpagemaker.de\/smart-roadster\/wp-content\/uploads\/2014\/03\/MG_23771.jpg\" width=\"480\" height=\"320\" srcset=\"https:\/\/www.yourpagemaker.de\/smart-roadster\/wp-content\/uploads\/2014\/03\/MG_23771.jpg 480w, https:\/\/www.yourpagemaker.de\/smart-roadster\/wp-content\/uploads\/2014\/03\/MG_23771-300x200.jpg 300w\" sizes=\"auto, (max-width: 480px) 100vw, 480px\" \/><\/a><a href=\"http:\/\/www.yourpagemaker.de\/smart-roadster\/wp-content\/uploads\/2014\/03\/IMG_42351.jpg\"><img loading=\"lazy\" decoding=\"async\" class=\"alignnone size-full wp-image-199\" style=\"border: 2px solid black; margin: 10px;\" alt=\"IMG_4235\" src=\"http:\/\/www.yourpagemaker.de\/smart-roadster\/wp-content\/uploads\/2014\/03\/IMG_42351.jpg\" width=\"480\" height=\"360\" srcset=\"https:\/\/www.yourpagemaker.de\/smart-roadster\/wp-content\/uploads\/2014\/03\/IMG_42351.jpg 480w, https:\/\/www.yourpagemaker.de\/smart-roadster\/wp-content\/uploads\/2014\/03\/IMG_42351-300x225.jpg 300w\" sizes=\"auto, (max-width: 480px) 100vw, 480px\" \/><\/a><\/p>\n<hr \/>\n<h2>November 2009 Winterreifen mit Gulascht\u00f6pfen<\/h2>\n<p style=\"text-align: justify;\">Der erste Winter unseres Roadys steht bevor. Da wir das Auto das ganze Jahr \u00fcber fahren wollen, sind Winterreifen Pflicht. Vom Vorbesitzer waren noch 4 Winterreifen Firestone FW930 185\/55 R15 auf Stahlfelgen vorhanden. Leider rosten die Stahlfelgen sehr leicht und sehen daher ohne Radkappen katastrophal aus. Nach l\u00e4ngerer Suche habe ich mich dann f\u00fcr die original Smart Pizzableche entschieden. Sind zwar sauteuer (ca. 95 \u20ac das Set), sehen daf\u00fcr aber sehr gut aus und verdecken vor allem die rostigen Gulascht\u00f6pfe komplett.<br \/>\nDer Roadster ist \u00fcbrigens auch im Winter ein absolutes Spa\u00dfauto. Der Kleine ist im Schnee unglaublich agil und hat erstaunlich viel Traktion. Das ESP greift hervorragend ein und ist perfekt abgestimmt, so da\u00df jede Schneeausfahrt zur Freude wird.<\/p>\n<p style=\"text-align: justify;\"><a href=\"http:\/\/www.yourpagemaker.de\/smart-roadster\/wp-content\/uploads\/2014\/03\/MG_30131.jpg\"><img loading=\"lazy\" decoding=\"async\" class=\"alignnone size-full wp-image-200\" style=\"border: 2px solid black; margin: 10px;\" alt=\"_MG_3013\" src=\"http:\/\/www.yourpagemaker.de\/smart-roadster\/wp-content\/uploads\/2014\/03\/MG_30131.jpg\" width=\"480\" height=\"320\" srcset=\"https:\/\/www.yourpagemaker.de\/smart-roadster\/wp-content\/uploads\/2014\/03\/MG_30131.jpg 480w, https:\/\/www.yourpagemaker.de\/smart-roadster\/wp-content\/uploads\/2014\/03\/MG_30131-300x200.jpg 300w\" sizes=\"auto, (max-width: 480px) 100vw, 480px\" \/><\/a><\/p>\n<\/div>\n","protected":false},"excerpt":{"rendered":"<p>M\u00e4rz 2014 Neue Bremsscheiben, Bremstrommeln und Bel\u00e4ge Die im September 2012 verbauten\u00a0 EBC Turbo Groove Bremsscheiben mit RedStuff Bel\u00e4gen waren leider ein Totalausfall. Nach wenigen Monaten zeigte sich bereits starkes&#8230;<\/p>\n","protected":false},"author":1,"featured_media":0,"parent":0,"menu_order":0,"comment_status":"closed","ping_status":"closed","template":"","meta":{"footnotes":""},"class_list":["post-56","page","type-page","status-publish"],"aioseo_notices":[],"_links":{"self":[{"href":"https:\/\/www.yourpagemaker.de\/smart-roadster\/wp-json\/wp\/v2\/pages\/56","targetHints":{"allow":["GET"]}}],"collection":[{"href":"https:\/\/www.yourpagemaker.de\/smart-roadster\/wp-json\/wp\/v2\/pages"}],"about":[{"href":"https:\/\/www.yourpagemaker.de\/smart-roadster\/wp-json\/wp\/v2\/types\/page"}],"author":[{"embeddable":true,"href":"https:\/\/www.yourpagemaker.de\/smart-roadster\/wp-json\/wp\/v2\/users\/1"}],"replies":[{"embeddable":true,"href":"https:\/\/www.yourpagemaker.de\/smart-roadster\/wp-json\/wp\/v2\/comments?post=56"}],"version-history":[{"count":13,"href":"https:\/\/www.yourpagemaker.de\/smart-roadster\/wp-json\/wp\/v2\/pages\/56\/revisions"}],"predecessor-version":[{"id":244,"href":"https:\/\/www.yourpagemaker.de\/smart-roadster\/wp-json\/wp\/v2\/pages\/56\/revisions\/244"}],"wp:attachment":[{"href":"https:\/\/www.yourpagemaker.de\/smart-roadster\/wp-json\/wp\/v2\/media?parent=56"}],"curies":[{"name":"wp","href":"https:\/\/api.w.org\/{rel}","templated":true}]}}