{"id":54,"date":"2014-03-15T15:34:25","date_gmt":"2014-03-15T13:34:25","guid":{"rendered":"http:\/\/www.yourpagemaker.de\/transfer\/roadster2014\/?page_id=54"},"modified":"2014-03-28T00:43:55","modified_gmt":"2014-03-27T22:43:55","slug":"motor-antrieb-abgasanlage","status":"publish","type":"page","link":"https:\/\/www.yourpagemaker.de\/smart-roadster\/motor-antrieb-abgasanlage\/","title":{"rendered":"Motor \/ Antrieb \/ Abgasanlage"},"content":{"rendered":"<h2>M\u00e4rz 2011 Sportauspuffanlage mtnx-performance Maximus<\/h2>\n<div style=\"text-align: justify;\">Nach langer Suche nach einer Sportauspuffanlage f\u00fcr den Roadster hat mir Yves Kristof von <a href=\"http:\/\/mtnx-performance.de\" target=\"_blank\">mtnx-performance<\/a> angeboten, unseren Roadster f\u00fcr die Entwicklung seiner neuen Klappen-Anlage <a href=\"http:\/\/www.smart-roadster-board.ch\/index.php?page=Thread&amp;threadID=3508&amp;s=db7db0011b422607b9c6d0d5acb3fa70520da8ac\" target=\"_blank\">Maximus<\/a> zu benutzen.Die Anlage ist zweiflutig. In Stufe 1 wird ein 2. Endschalld\u00e4mpfer verwendet. In Stufe 2 wird \u00fcber eine unterdruckgesteuerte Klappe ein Bypass ge\u00f6ffnet. Die Steuerung der Stufen \u00fcbernimmt ein kleines Steuerger\u00e4t in Abh\u00e4ngigkeit vom Ladedruck. Diese Schaltstufe ist per Poti einstellbar und bei mir zur Zeit auf 0,8 bar eingestellt.<br \/>\nDie Schweissarbeiten der Anlage aus Edelstahl hat Stjepan Budic von <a href=\"http:\/\/www.f-town-streetmachines.com\/\" target=\"_blank\">f-town Streetmachines<\/a> ausgef\u00fchrt. Ich konnte bei einem Teil der Arbeiten zusehen und muss sagen, Stjepan ist ein absoluter K\u00fcnstler auf dem Gebiet. Auch die Verkabelungsarbeiten f\u00fcr die Klappensteuerung sind vom Feinsten ausgef\u00fchrt. Die Kabel wurden v\u00f6llig unsichtbar verlegt.Das Resultat ist sehr \u00fcberzeugend. Zum Schlu\u00df wurde das Fahrzeug gewaschen und gesaugt im Top Zustand \u00fcbergeben. Eine sehr empfehlenswerte Arbeit.17.-20. M\u00e4rz 2011 &#8211; die Entwicklungsarbeiten in Eutingen :<\/div>\n<div><\/div>\n<div><a href=\"http:\/\/www.yourpagemaker.de\/smart-roadster\/wp-content\/uploads\/2014\/03\/Foto-33-small.jpg\"><img loading=\"lazy\" decoding=\"async\" class=\"alignnone size-full wp-image-170\" style=\"border: 2px solid black; margin: 10px;\" alt=\"Foto 33 small\" src=\"http:\/\/www.yourpagemaker.de\/smart-roadster\/wp-content\/uploads\/2014\/03\/Foto-33-small.jpg\" width=\"480\" height=\"359\" srcset=\"https:\/\/www.yourpagemaker.de\/smart-roadster\/wp-content\/uploads\/2014\/03\/Foto-33-small.jpg 480w, https:\/\/www.yourpagemaker.de\/smart-roadster\/wp-content\/uploads\/2014\/03\/Foto-33-small-300x224.jpg 300w\" sizes=\"auto, (max-width: 480px) 100vw, 480px\" \/><\/a><br \/>\n<a href=\"http:\/\/www.yourpagemaker.de\/smart-roadster\/wp-content\/uploads\/2014\/03\/MG_6165.jpg\"><img loading=\"lazy\" decoding=\"async\" class=\"alignnone size-full wp-image-172\" style=\"border: 2px solid black; margin: 10px;\" alt=\"_MG_6165\" src=\"http:\/\/www.yourpagemaker.de\/smart-roadster\/wp-content\/uploads\/2014\/03\/MG_6165.jpg\" width=\"480\" height=\"298\" srcset=\"https:\/\/www.yourpagemaker.de\/smart-roadster\/wp-content\/uploads\/2014\/03\/MG_6165.jpg 480w, https:\/\/www.yourpagemaker.de\/smart-roadster\/wp-content\/uploads\/2014\/03\/MG_6165-300x186.jpg 300w\" sizes=\"auto, (max-width: 480px) 100vw, 480px\" \/><\/a><\/div>\n<div><\/div>\n<div>Sound-Check &#8211; das Ergebnis :Die Vorarbeiten &#8211; Umbau auf Brabus-Heck :<\/div>\n<div><\/div>\n<div>\n<p><a href=\"http:\/\/www.yourpagemaker.de\/smart-roadster\/wp-content\/uploads\/2014\/03\/IMG_0095_small.jpg\"><img loading=\"lazy\" decoding=\"async\" class=\"alignnone size-full wp-image-174\" style=\"border: 2px solid black; margin: 10px;\" alt=\"IMG_0095_small\" src=\"http:\/\/www.yourpagemaker.de\/smart-roadster\/wp-content\/uploads\/2014\/03\/IMG_0095_small.jpg\" width=\"480\" height=\"269\" srcset=\"https:\/\/www.yourpagemaker.de\/smart-roadster\/wp-content\/uploads\/2014\/03\/IMG_0095_small.jpg 480w, https:\/\/www.yourpagemaker.de\/smart-roadster\/wp-content\/uploads\/2014\/03\/IMG_0095_small-300x168.jpg 300w\" sizes=\"auto, (max-width: 480px) 100vw, 480px\" \/><\/a>\u00a0<a href=\"http:\/\/www.yourpagemaker.de\/smart-roadster\/wp-content\/uploads\/2014\/03\/IMG_0098_small.jpg\"><img loading=\"lazy\" decoding=\"async\" class=\"alignnone size-full wp-image-175\" style=\"border: 2px solid black; margin: 10px;\" alt=\"IMG_0098_small\" src=\"http:\/\/www.yourpagemaker.de\/smart-roadster\/wp-content\/uploads\/2014\/03\/IMG_0098_small.jpg\" width=\"480\" height=\"269\" srcset=\"https:\/\/www.yourpagemaker.de\/smart-roadster\/wp-content\/uploads\/2014\/03\/IMG_0098_small.jpg 480w, https:\/\/www.yourpagemaker.de\/smart-roadster\/wp-content\/uploads\/2014\/03\/IMG_0098_small-300x168.jpg 300w\" sizes=\"auto, (max-width: 480px) 100vw, 480px\" \/><\/a>\u00a0<a href=\"http:\/\/www.yourpagemaker.de\/smart-roadster\/wp-content\/uploads\/2014\/03\/IMG_0099_small.jpg\"><img loading=\"lazy\" decoding=\"async\" class=\"alignnone size-full wp-image-176\" style=\"border: 2px solid black; margin: 10px;\" alt=\"IMG_0099_small\" src=\"http:\/\/www.yourpagemaker.de\/smart-roadster\/wp-content\/uploads\/2014\/03\/IMG_0099_small.jpg\" width=\"480\" height=\"269\" srcset=\"https:\/\/www.yourpagemaker.de\/smart-roadster\/wp-content\/uploads\/2014\/03\/IMG_0099_small.jpg 480w, https:\/\/www.yourpagemaker.de\/smart-roadster\/wp-content\/uploads\/2014\/03\/IMG_0099_small-300x168.jpg 300w\" sizes=\"auto, (max-width: 480px) 100vw, 480px\" \/><\/a>\u00a0<a href=\"http:\/\/www.yourpagemaker.de\/smart-roadster\/wp-content\/uploads\/2014\/03\/IMG_0102_small.jpg\"><img loading=\"lazy\" decoding=\"async\" class=\"alignnone size-full wp-image-177\" style=\"border: 2px solid black; margin: 10px;\" alt=\"IMG_0102_small\" src=\"http:\/\/www.yourpagemaker.de\/smart-roadster\/wp-content\/uploads\/2014\/03\/IMG_0102_small.jpg\" width=\"480\" height=\"269\" srcset=\"https:\/\/www.yourpagemaker.de\/smart-roadster\/wp-content\/uploads\/2014\/03\/IMG_0102_small.jpg 480w, https:\/\/www.yourpagemaker.de\/smart-roadster\/wp-content\/uploads\/2014\/03\/IMG_0102_small-300x168.jpg 300w\" sizes=\"auto, (max-width: 480px) 100vw, 480px\" \/><\/a><\/p>\n<hr \/>\n<h2>M\u00e4rz 2011 Kunststoff-\u00d6lwanne<\/h2>\n<p>Was mich schon immer v\u00f6llig gest\u00f6rt hat war die rostige Stahl-\u00d6lwanne des Roadsters, incl. der fehlenden Ablassschraube. Zum Gl\u00fcck bietet Richard J\u00e4ger mit seiner Firma <a href=\"http:\/\/www.trailer-fuer-smart.de\" target=\"_blank\">Trailer f\u00fcr Smart<\/a> einen Ersatz in Kunststoff an. Kosten : Ca. 70 \u20ac f\u00fcr die Wanne und ca. 70 \u20ac f\u00fcr den Einbau beim Smart-H\u00e4ndler.<\/p>\n<p><a href=\"http:\/\/www.yourpagemaker.de\/smart-roadster\/wp-content\/uploads\/2014\/03\/IMG_0085_small.jpg\"><img loading=\"lazy\" decoding=\"async\" class=\"alignnone size-full wp-image-180\" style=\"border: 2px solid black; margin: 10px;\" alt=\"IMG_0085_small\" src=\"http:\/\/www.yourpagemaker.de\/smart-roadster\/wp-content\/uploads\/2014\/03\/IMG_0085_small.jpg\" width=\"480\" height=\"269\" srcset=\"https:\/\/www.yourpagemaker.de\/smart-roadster\/wp-content\/uploads\/2014\/03\/IMG_0085_small.jpg 480w, https:\/\/www.yourpagemaker.de\/smart-roadster\/wp-content\/uploads\/2014\/03\/IMG_0085_small-300x168.jpg 300w\" sizes=\"auto, (max-width: 480px) 100vw, 480px\" \/><\/a><br \/>\n<em>nachher<\/em><\/p>\n<p><a href=\"http:\/\/www.yourpagemaker.de\/smart-roadster\/wp-content\/uploads\/2014\/03\/IMG_0070_small.jpg\"><img loading=\"lazy\" decoding=\"async\" class=\"alignnone size-full wp-image-181\" style=\"border: 2px solid black; margin: 10px;\" alt=\"IMG_0070_small\" src=\"http:\/\/www.yourpagemaker.de\/smart-roadster\/wp-content\/uploads\/2014\/03\/IMG_0070_small.jpg\" width=\"480\" height=\"269\" srcset=\"https:\/\/www.yourpagemaker.de\/smart-roadster\/wp-content\/uploads\/2014\/03\/IMG_0070_small.jpg 480w, https:\/\/www.yourpagemaker.de\/smart-roadster\/wp-content\/uploads\/2014\/03\/IMG_0070_small-300x168.jpg 300w\" sizes=\"auto, (max-width: 480px) 100vw, 480px\" \/><\/a><br \/>\n<em><em>vorher<\/em><\/em><\/p>\n<p>&nbsp;<\/p>\n<hr \/>\n<h2>Oktober 2010 Sandtler Sportluftfilter<\/h2>\n<div>Der verbaute Wegwerf-Luftfilter wurde durch einen Dauer-Sportluftfilter der Firma <a href=\"http:\/\/www.sandtler.de\" target=\"_blank\">Sandtler<\/a> ersetzt. Kosten ca. 40 \u20ac.<\/div>\n<div><\/div>\n<div><a href=\"http:\/\/www.yourpagemaker.de\/smart-roadster\/wp-content\/uploads\/2014\/03\/filter.jpg\"><img loading=\"lazy\" decoding=\"async\" class=\"alignnone size-full wp-image-182\" style=\"border: 2px solid black; margin: 10px;\" alt=\"filter\" src=\"http:\/\/www.yourpagemaker.de\/smart-roadster\/wp-content\/uploads\/2014\/03\/filter.jpg\" width=\"480\" height=\"312\" srcset=\"https:\/\/www.yourpagemaker.de\/smart-roadster\/wp-content\/uploads\/2014\/03\/filter.jpg 480w, https:\/\/www.yourpagemaker.de\/smart-roadster\/wp-content\/uploads\/2014\/03\/filter-300x195.jpg 300w\" sizes=\"auto, (max-width: 480px) 100vw, 480px\" \/><\/a><\/p>\n<hr \/>\n<div>\n<h2>September 2010 Chiptuning<\/h2>\n<p>Nach den Fahrwerksumbauten kam jetzt endlich das Chiptuning dran. Entschieden habe ich mich f\u00fcr eine Leistungssteigerung von 60 kW auf 74 KW von der Firma <a href=\"http:\/\/www.der-smarte-service.de\" target=\"_blank\">fismatec<\/a> in Ilsfeld.\u00a0 Ein absoluter Hammer &#8211; ein Riesenunterschied bei Beschleunigung und Endgeschwindigkeit. Und das bei absoluter Alltagstauglichkeit. Die Firma fismatec kann man unbedingt empfehlen. Sehr freundliche und kompetente Mitarbeiter. Kosten ca. 310 \u20ac incl. T\u00dcV-Abnahme.<\/p>\n<p><a href=\"http:\/\/www.yourpagemaker.de\/smart-roadster\/wp-content\/uploads\/2014\/03\/IMG_0962.jpg\"><img loading=\"lazy\" decoding=\"async\" class=\"alignnone size-full wp-image-183\" style=\"border: 2px solid black; margin: 10px;\" alt=\"IMG_0962\" src=\"http:\/\/www.yourpagemaker.de\/smart-roadster\/wp-content\/uploads\/2014\/03\/IMG_0962.jpg\" width=\"311\" height=\"360\" srcset=\"https:\/\/www.yourpagemaker.de\/smart-roadster\/wp-content\/uploads\/2014\/03\/IMG_0962.jpg 311w, https:\/\/www.yourpagemaker.de\/smart-roadster\/wp-content\/uploads\/2014\/03\/IMG_0962-259x300.jpg 259w\" sizes=\"auto, (max-width: 311px) 100vw, 311px\" \/><\/a><\/p>\n<p style=\"text-align: justify;\">[Update Februar 2011]\nDas Chiptuning von war wohl doch leider zuviel f\u00fcr die Kupplung. Sie rutscht jetzt beim Beschleunigen aus niedrigen Drehzahlen durch. Lt. Fismatec wird das im Laufe der Zeit schlimmer, es mu\u00df eine neue Kupplung rein. Aber was ? Standard, Brabus, Bonalume, Fismatec, Macke &#8230; ?<\/p>\n<p style=\"text-align: justify;\">[Update November 2011]\nDas Kupplungsrutschen hat sich im Laufe der Sommermonate gegeben. Der Tip aus dem Roadster-Forum : &#8222;Batterie-Reset und dann einige Vollgas-Starts&#8220; scheint zu funktionieren. Habe den Eindruck je mehr man die Kupplung belastet, desto besser funktioniert sie.<\/p>\n<hr \/>\n<h2>M\u00e4rz 2010 Einbau TLE nach rsmarty<\/h2>\n<p style=\"text-align: justify;\">Aufgrund einer Sammelbestellung im Smart Roadster Club wurde die serienma\u00dfige <a href=\"http:\/\/web.me.com\/kaisackmann\/jhwus\/page5\/page42\/page228\/page228.html\" target=\"_blank\">Teillastentl\u00fcftung<\/a> aus Kunststoff durch ein <a href=\"http:\/\/www.db-shop24.de\/product_info.php?info=p560_Rueckschlagventil.html\" target=\"_blank\">Alu-Ventil<\/a> ersetzt. Kosten ca. 12 \u20ac.<\/p>\n<p><a href=\"http:\/\/www.yourpagemaker.de\/smart-roadster\/wp-content\/uploads\/2014\/03\/MG_6763.jpg\"><img loading=\"lazy\" decoding=\"async\" class=\"alignnone size-full wp-image-184\" style=\"border: 2px solid black; margin: 10px;\" alt=\"_MG_6763\" src=\"http:\/\/www.yourpagemaker.de\/smart-roadster\/wp-content\/uploads\/2014\/03\/MG_6763.jpg\" width=\"480\" height=\"320\" srcset=\"https:\/\/www.yourpagemaker.de\/smart-roadster\/wp-content\/uploads\/2014\/03\/MG_6763.jpg 480w, https:\/\/www.yourpagemaker.de\/smart-roadster\/wp-content\/uploads\/2014\/03\/MG_6763-300x200.jpg 300w\" sizes=\"auto, (max-width: 480px) 100vw, 480px\" \/><\/a><\/p>\n<hr \/>\n<h2>Oktober 2009 Software-Update Motorsteuerger\u00e4t<\/h2>\n<p style=\"text-align: justify;\">Im Rahmen des Service A habe ich auch das Bosch Motorsteuerger\u00e4t auf die neueste Version 14589010 flashen lassen. Seitdem sind die Schaltvorg\u00e4nge wesentlich weicher und das Ruckeln im Rollbetrieb ist nahezu komplett weg. Kosten : ca. 25 \u20ac.<\/p>\n<\/div>\n<\/div>\n<\/div>\n","protected":false},"excerpt":{"rendered":"<p>M\u00e4rz 2011 Sportauspuffanlage mtnx-performance Maximus Nach langer Suche nach einer Sportauspuffanlage f\u00fcr den Roadster hat mir Yves Kristof von mtnx-performance angeboten, unseren Roadster f\u00fcr die Entwicklung seiner neuen Klappen-Anlage Maximus&#8230;<\/p>\n","protected":false},"author":1,"featured_media":0,"parent":0,"menu_order":0,"comment_status":"closed","ping_status":"closed","template":"","meta":{"footnotes":""},"class_list":["post-54","page","type-page","status-publish"],"aioseo_notices":[],"_links":{"self":[{"href":"https:\/\/www.yourpagemaker.de\/smart-roadster\/wp-json\/wp\/v2\/pages\/54","targetHints":{"allow":["GET"]}}],"collection":[{"href":"https:\/\/www.yourpagemaker.de\/smart-roadster\/wp-json\/wp\/v2\/pages"}],"about":[{"href":"https:\/\/www.yourpagemaker.de\/smart-roadster\/wp-json\/wp\/v2\/types\/page"}],"author":[{"embeddable":true,"href":"https:\/\/www.yourpagemaker.de\/smart-roadster\/wp-json\/wp\/v2\/users\/1"}],"replies":[{"embeddable":true,"href":"https:\/\/www.yourpagemaker.de\/smart-roadster\/wp-json\/wp\/v2\/comments?post=54"}],"version-history":[{"count":10,"href":"https:\/\/www.yourpagemaker.de\/smart-roadster\/wp-json\/wp\/v2\/pages\/54\/revisions"}],"predecessor-version":[{"id":188,"href":"https:\/\/www.yourpagemaker.de\/smart-roadster\/wp-json\/wp\/v2\/pages\/54\/revisions\/188"}],"wp:attachment":[{"href":"https:\/\/www.yourpagemaker.de\/smart-roadster\/wp-json\/wp\/v2\/media?parent=54"}],"curies":[{"name":"wp","href":"https:\/\/api.w.org\/{rel}","templated":true}]}}